{"id":138,"date":"2025-04-25T17:31:33","date_gmt":"2025-04-25T17:31:33","guid":{"rendered":"https:\/\/the-sdsolutions.com\/?page_id=138"},"modified":"2025-09-24T13:55:09","modified_gmt":"2025-09-24T13:55:09","slug":"faq","status":"publish","type":"page","link":"https:\/\/the-sdsolutions.com\/fr\/faq\/","title":{"rendered":"Questions fr\u00e9quentes"},"content":{"rendered":"<div data-elementor-type=\"wp-page\" data-elementor-id=\"138\" class=\"elementor elementor-138\">\n\t\t\t\t\t\t<section class=\"elementor-section elementor-top-section elementor-element elementor-element-bf820a7 elementor-section-boxed elementor-section-height-default elementor-section-height-default e-parent\" data-id=\"bf820a7\" data-element_type=\"section\" data-e-type=\"section\" data-settings=\"{&quot;background_background&quot;:&quot;gradient&quot;}\">\n\t\t\t\t\t\t<div class=\"elementor-container elementor-column-gap-default\">\n\t\t\t\t\t<div class=\"elementor-column elementor-col-100 elementor-top-column elementor-element elementor-element-4c0a70e lakit-col-width-auto-no\" data-id=\"4c0a70e\" data-element_type=\"column\" data-e-type=\"column\">\n\t\t\t<div class=\"elementor-widget-wrap elementor-element-populated\">\n\t\t\t\t\t\t<div class=\"elementor-element elementor-element-a16c1aa elementor-widget elementor-widget-heading\" data-id=\"a16c1aa\" data-element_type=\"widget\" data-e-type=\"widget\" data-widget_type=\"heading.default\">\n\t\t\t\t<div class=\"elementor-widget-container\">\n\t\t\t\t\t<h1 class=\"elementor-heading-title elementor-size-default\">Questions fr\u00e9quentes<\/h1>\t\t\t\t<\/div>\n\t\t\t\t<\/div>\n\t\t\t\t\t<\/div>\n\t\t<\/div>\n\t\t\t\t\t<\/div>\n\t\t<\/section>\n\t\t\t\t<section class=\"elementor-section elementor-top-section elementor-element elementor-element-307e2749 elementor-section-boxed elementor-section-height-default elementor-section-height-default e-parent\" data-id=\"307e2749\" data-element_type=\"section\" data-e-type=\"section\">\n\t\t\t\t\t\t<div class=\"elementor-container elementor-column-gap-default\">\n\t\t\t\t\t<div class=\"elementor-column elementor-col-100 elementor-top-column elementor-element elementor-element-60213017 lakit-col-width-auto-no\" data-id=\"60213017\" data-element_type=\"column\" data-e-type=\"column\">\n\t\t\t<div class=\"elementor-widget-wrap elementor-element-populated\">\n\t\t\t\t\t\t<section class=\"elementor-section elementor-inner-section elementor-element elementor-element-29abcce6 elementor-section-boxed elementor-section-height-default elementor-section-height-default\" data-id=\"29abcce6\" data-element_type=\"section\" data-e-type=\"section\">\n\t\t\t\t\t\t<div class=\"elementor-container elementor-column-gap-default\">\n\t\t\t\t\t<div class=\"elementor-column elementor-col-100 elementor-inner-column elementor-element elementor-element-18010597 lakit-col-width-auto-no\" data-id=\"18010597\" data-element_type=\"column\" data-e-type=\"column\" data-settings=\"{&quot;background_background&quot;:&quot;classic&quot;}\">\n\t\t\t<div class=\"elementor-widget-wrap elementor-element-populated\">\n\t\t\t\t\t\t<div class=\"elementor-element elementor-element-139ce4bd elementor-widget elementor-widget-heading\" data-id=\"139ce4bd\" data-element_type=\"widget\" data-e-type=\"widget\" data-widget_type=\"heading.default\">\n\t\t\t\t<div class=\"elementor-widget-container\">\n\t\t\t\t\t<h4 class=\"elementor-heading-title elementor-size-default\">Questions G\u00e9n\u00e9rales<\/h4>\t\t\t\t<\/div>\n\t\t\t\t<\/div>\n\t\t\t\t<div class=\"elementor-element elementor-element-1e983883 elementor-widget elementor-widget-text-editor\" data-id=\"1e983883\" data-element_type=\"widget\" data-e-type=\"widget\" data-widget_type=\"text-editor.default\">\n\t\t\t\t<div class=\"elementor-widget-container\">\n\t\t\t\t\t\t\t\t\t<p>Nouveau ici ? Commencez par les bases<\/p>\t\t\t\t\t\t\t\t<\/div>\n\t\t\t\t<\/div>\n\t\t\t\t<div class=\"elementor-element elementor-element-39145b2c elementor-widget elementor-widget-elementskit-accordion\" data-id=\"39145b2c\" data-element_type=\"widget\" data-e-type=\"widget\" data-widget_type=\"elementskit-accordion.default\">\n\t\t\t\t<div class=\"elementor-widget-container\">\n\t\t\t\t\t<div class=\"ekit-wid-con\" >\n        <div class=\"elementskit-accordion accoedion-primary\" id=\"accordion-69cfeaeceafae\">\n\n            \n                <div class=\"elementskit-card\">\n                    <div class=\"elementskit-card-header\" id=\"primaryHeading-0-39145b2c\">\n                        <a href=\"#collapse-7bffc8069cfeaeceafae\" class=\"ekit-accordion--toggler elementskit-btn-link collapsed\" data-ekit-toggle=\"collapse\" data-target=\"#Collapse-7bffc8069cfeaeceafae\" aria-expanded=\"false\" aria-controls=\"Collapse-7bffc8069cfeaeceafae\">\n                            \n                            <span class=\"ekit-accordion-title\">Quels services SD Solutions propose-t-il ?<\/span>\n\n                            \n                                <div class=\"ekit_accordion_icon_group\">\n                                    <div class=\"ekit_accordion_normal_icon\">\n                                        <!-- Normal Icon -->\n\t\t\t\t\t\t\t\t\t\t<i class=\"icon icon-chevron-down-circle\"><\/i>                                    <\/div>\n\n                                    <div class=\"ekit_accordion_active_icon\">\n                                        <!-- Active Icon -->\n\t\t\t\t\t\t\t\t\t\t<i class=\"icon icon-chevron-up-circle\"><\/i>                                    <\/div>\n                                <\/div>\n\n                            \n                                                    <\/a>\n                    <\/div>\n\n                    <div id=\"Collapse-7bffc8069cfeaeceafae\" class=\"collapse\" aria-labelledby=\"primaryHeading-0-39145b2c\" data-parent=\"#accordion-69cfeaeceafae\">\n\n                        <div class=\"elementskit-card-body ekit-accordion--content\">\n                            <p>SD Solutions propose du conseil en t\u00e9l\u00e9communications et IT, incluant le d\u00e9veloppement logiciel, la migration vers le cloud, la cybers\u00e9curit\u00e9, la fibre optique, les audits de durabilit\u00e9 et des solutions de transformation digitale en Europe, au Moyen-Orient et en Afrique de l\u2019Ouest.<\/p>                        <\/div>\n\n                    <\/div>\n\n                <\/div><!-- .elementskit-card END -->\n\n                \n                <div class=\"elementskit-card active\">\n                    <div class=\"elementskit-card-header\" id=\"primaryHeading-1-39145b2c\">\n                        <a href=\"#collapse-b6a054969cfeaeceafae\" class=\"ekit-accordion--toggler elementskit-btn-link collapsed\" data-ekit-toggle=\"collapse\" data-target=\"#Collapse-b6a054969cfeaeceafae\" aria-expanded=\"true\" aria-controls=\"Collapse-b6a054969cfeaeceafae\">\n                            \n                            <span class=\"ekit-accordion-title\">O\u00f9 op\u00e8re SD Solutions ?<\/span>\n\n                            \n                                <div class=\"ekit_accordion_icon_group\">\n                                    <div class=\"ekit_accordion_normal_icon\">\n                                        <!-- Normal Icon -->\n\t\t\t\t\t\t\t\t\t\t<i class=\"icon icon-chevron-down-circle\"><\/i>                                    <\/div>\n\n                                    <div class=\"ekit_accordion_active_icon\">\n                                        <!-- Active Icon -->\n\t\t\t\t\t\t\t\t\t\t<i class=\"icon icon-chevron-up-circle\"><\/i>                                    <\/div>\n                                <\/div>\n\n                            \n                                                    <\/a>\n                    <\/div>\n\n                    <div id=\"Collapse-b6a054969cfeaeceafae\" class=\"show collapse\" aria-labelledby=\"primaryHeading-1-39145b2c\" data-parent=\"#accordion-69cfeaeceafae\">\n\n                        <div class=\"elementskit-card-body ekit-accordion--content\">\n                            <p>Nous intervenons en Europe, au Moyen-Orient et en Afrique de l\u2019Ouest, en combinant expertise mondiale et accompagnement localis\u00e9.<\/p>                        <\/div>\n\n                    <\/div>\n\n                <\/div><!-- .elementskit-card END -->\n\n                \n                <div class=\"elementskit-card\">\n                    <div class=\"elementskit-card-header\" id=\"primaryHeading-2-39145b2c\">\n                        <a href=\"#collapse-28078cf69cfeaeceafae\" class=\"ekit-accordion--toggler elementskit-btn-link collapsed\" data-ekit-toggle=\"collapse\" data-target=\"#Collapse-28078cf69cfeaeceafae\" aria-expanded=\"false\" aria-controls=\"Collapse-28078cf69cfeaeceafae\">\n                            \n                            <span class=\"ekit-accordion-title\">Comment SD Solutions peut-il aider \u00e0 la transformation digitale ?<\/span>\n\n                            \n                                <div class=\"ekit_accordion_icon_group\">\n                                    <div class=\"ekit_accordion_normal_icon\">\n                                        <!-- Normal Icon -->\n\t\t\t\t\t\t\t\t\t\t<i class=\"icon icon-chevron-down-circle\"><\/i>                                    <\/div>\n\n                                    <div class=\"ekit_accordion_active_icon\">\n                                        <!-- Active Icon -->\n\t\t\t\t\t\t\t\t\t\t<i class=\"icon icon-chevron-up-circle\"><\/i>                                    <\/div>\n                                <\/div>\n\n                            \n                                                    <\/a>\n                    <\/div>\n\n                    <div id=\"Collapse-28078cf69cfeaeceafae\" class=\"collapse\" aria-labelledby=\"primaryHeading-2-39145b2c\" data-parent=\"#accordion-69cfeaeceafae\">\n\n                        <div class=\"elementskit-card-body ekit-accordion--content\">\n                            <p>Nous modernisons les syst\u00e8mes informatiques, mettons en \u0153uvre des strat\u00e9gies cloud, automatisons les workflows et int\u00e9grons des technologies intelligentes align\u00e9es sur vos objectifs m\u00e9tier.<\/p>                        <\/div>\n\n                    <\/div>\n\n                <\/div><!-- .elementskit-card END -->\n\n                \n                <div class=\"elementskit-card\">\n                    <div class=\"elementskit-card-header\" id=\"primaryHeading-3-39145b2c\">\n                        <a href=\"#collapse-15b275d69cfeaeceafae\" class=\"ekit-accordion--toggler elementskit-btn-link collapsed\" data-ekit-toggle=\"collapse\" data-target=\"#Collapse-15b275d69cfeaeceafae\" aria-expanded=\"false\" aria-controls=\"Collapse-15b275d69cfeaeceafae\">\n                            \n                            <span class=\"ekit-accordion-title\">SD Solutions propose-t-il du d\u00e9veloppement logiciel sur mesure ?<\/span>\n\n                            \n                                <div class=\"ekit_accordion_icon_group\">\n                                    <div class=\"ekit_accordion_normal_icon\">\n                                        <!-- Normal Icon -->\n\t\t\t\t\t\t\t\t\t\t<i class=\"icon icon-chevron-down-circle\"><\/i>                                    <\/div>\n\n                                    <div class=\"ekit_accordion_active_icon\">\n                                        <!-- Active Icon -->\n\t\t\t\t\t\t\t\t\t\t<i class=\"icon icon-chevron-up-circle\"><\/i>                                    <\/div>\n                                <\/div>\n\n                            \n                                                    <\/a>\n                    <\/div>\n\n                    <div id=\"Collapse-15b275d69cfeaeceafae\" class=\"collapse\" aria-labelledby=\"primaryHeading-3-39145b2c\" data-parent=\"#accordion-69cfeaeceafae\">\n\n                        <div class=\"elementskit-card-body ekit-accordion--content\">\n                            <p>Oui. Nous sommes sp\u00e9cialis\u00e9s dans les applications web et mobiles sur mesure, \u00e9volutives, s\u00e9curis\u00e9es et conviviales<\/p>                        <\/div>\n\n                    <\/div>\n\n                <\/div><!-- .elementskit-card END -->\n\n                \n                <div class=\"elementskit-card\">\n                    <div class=\"elementskit-card-header\" id=\"primaryHeading-4-39145b2c\">\n                        <a href=\"#collapse-61a26d469cfeaeceafae\" class=\"ekit-accordion--toggler elementskit-btn-link collapsed\" data-ekit-toggle=\"collapse\" data-target=\"#Collapse-61a26d469cfeaeceafae\" aria-expanded=\"false\" aria-controls=\"Collapse-61a26d469cfeaeceafae\">\n                            \n                            <span class=\"ekit-accordion-title\">Comment SD Solutions garantit-il la s\u00e9curit\u00e9 des donn\u00e9es ?<\/span>\n\n                            \n                                <div class=\"ekit_accordion_icon_group\">\n                                    <div class=\"ekit_accordion_normal_icon\">\n                                        <!-- Normal Icon -->\n\t\t\t\t\t\t\t\t\t\t<i class=\"icon icon-chevron-down-circle\"><\/i>                                    <\/div>\n\n                                    <div class=\"ekit_accordion_active_icon\">\n                                        <!-- Active Icon -->\n\t\t\t\t\t\t\t\t\t\t<i class=\"icon icon-chevron-up-circle\"><\/i>                                    <\/div>\n                                <\/div>\n\n                            \n                                                    <\/a>\n                    <\/div>\n\n                    <div id=\"Collapse-61a26d469cfeaeceafae\" class=\"collapse\" aria-labelledby=\"primaryHeading-4-39145b2c\" data-parent=\"#accordion-69cfeaeceafae\">\n\n                        <div class=\"elementskit-card-body ekit-accordion--content\">\n                            <p>Gr\u00e2ce \u00e0 une protection avanc\u00e9e contre les menaces, des \u00e9valuations de risques, des audits de conformit\u00e9 et des strat\u00e9gies de gouvernance, nous prot\u00e9geons vos donn\u00e9es et vos infrastructures.<\/p>                        <\/div>\n\n                    <\/div>\n\n                <\/div><!-- .elementskit-card END -->\n\n                \n                <div class=\"elementskit-card\">\n                    <div class=\"elementskit-card-header\" id=\"primaryHeading-5-39145b2c\">\n                        <a href=\"#collapse-5ee3ee269cfeaeceafae\" class=\"ekit-accordion--toggler elementskit-btn-link collapsed\" data-ekit-toggle=\"collapse\" data-target=\"#Collapse-5ee3ee269cfeaeceafae\" aria-expanded=\"false\" aria-controls=\"Collapse-5ee3ee269cfeaeceafae\">\n                            \n                            <span class=\"ekit-accordion-title\">Fournissez-vous du mat\u00e9riel informatique et des solutions de bureau ?<\/span>\n\n                            \n                                <div class=\"ekit_accordion_icon_group\">\n                                    <div class=\"ekit_accordion_normal_icon\">\n                                        <!-- Normal Icon -->\n\t\t\t\t\t\t\t\t\t\t<i class=\"icon icon-chevron-down-circle\"><\/i>                                    <\/div>\n\n                                    <div class=\"ekit_accordion_active_icon\">\n                                        <!-- Active Icon -->\n\t\t\t\t\t\t\t\t\t\t<i class=\"icon icon-chevron-up-circle\"><\/i>                                    <\/div>\n                                <\/div>\n\n                            \n                                                    <\/a>\n                    <\/div>\n\n                    <div id=\"Collapse-5ee3ee269cfeaeceafae\" class=\"collapse\" aria-labelledby=\"primaryHeading-5-39145b2c\" data-parent=\"#accordion-69cfeaeceafae\">\n\n                        <div class=\"elementskit-card-body ekit-accordion--content\">\n                            <p>Oui. Nous fournissons du mat\u00e9riel informatique, des logiciels et des \u00e9quipements de bureau pour assurer la fiabilit\u00e9 et la mise \u00e0 jour de votre infrastructure.<\/p>                        <\/div>\n\n                    <\/div>\n\n                <\/div><!-- .elementskit-card END -->\n\n                \n                <div class=\"elementskit-card\">\n                    <div class=\"elementskit-card-header\" id=\"primaryHeading-6-39145b2c\">\n                        <a href=\"#collapse-dbc18fa69cfeaeceafae\" class=\"ekit-accordion--toggler elementskit-btn-link collapsed\" data-ekit-toggle=\"collapse\" data-target=\"#Collapse-dbc18fa69cfeaeceafae\" aria-expanded=\"false\" aria-controls=\"Collapse-dbc18fa69cfeaeceafae\">\n                            \n                            <span class=\"ekit-accordion-title\">Qu\u2019est-ce qui est inclus dans votre migration vers le cloud ?<\/span>\n\n                            \n                                <div class=\"ekit_accordion_icon_group\">\n                                    <div class=\"ekit_accordion_normal_icon\">\n                                        <!-- Normal Icon -->\n\t\t\t\t\t\t\t\t\t\t<i class=\"icon icon-chevron-down-circle\"><\/i>                                    <\/div>\n\n                                    <div class=\"ekit_accordion_active_icon\">\n                                        <!-- Active Icon -->\n\t\t\t\t\t\t\t\t\t\t<i class=\"icon icon-chevron-up-circle\"><\/i>                                    <\/div>\n                                <\/div>\n\n                            \n                                                    <\/a>\n                    <\/div>\n\n                    <div id=\"Collapse-dbc18fa69cfeaeceafae\" class=\"collapse\" aria-labelledby=\"primaryHeading-6-39145b2c\" data-parent=\"#accordion-69cfeaeceafae\">\n\n                        <div class=\"elementskit-card-body ekit-accordion--content\">\n                            <p>Un accompagnement de bout en bout : \u00e9valuation de l\u2019infrastructure, d\u00e9finition de la strat\u00e9gie, migration s\u00e9curis\u00e9e et support cloud continu \u2014 garantissant une perturbation minimale et une \u00e9volutivit\u00e9 maximale.<\/p>                        <\/div>\n\n                    <\/div>\n\n                <\/div><!-- .elementskit-card END -->\n\n                \n                <div class=\"elementskit-card\">\n                    <div class=\"elementskit-card-header\" id=\"primaryHeading-7-39145b2c\">\n                        <a href=\"#collapse-0ba793169cfeaeceafae\" class=\"ekit-accordion--toggler elementskit-btn-link collapsed\" data-ekit-toggle=\"collapse\" data-target=\"#Collapse-0ba793169cfeaeceafae\" aria-expanded=\"false\" aria-controls=\"Collapse-0ba793169cfeaeceafae\">\n                            \n                            <span class=\"ekit-accordion-title\">Quels secteurs SD Solutions accompagne-t-il ?<\/span>\n\n                            \n                                <div class=\"ekit_accordion_icon_group\">\n                                    <div class=\"ekit_accordion_normal_icon\">\n                                        <!-- Normal Icon -->\n\t\t\t\t\t\t\t\t\t\t<i class=\"icon icon-chevron-down-circle\"><\/i>                                    <\/div>\n\n                                    <div class=\"ekit_accordion_active_icon\">\n                                        <!-- Active Icon -->\n\t\t\t\t\t\t\t\t\t\t<i class=\"icon icon-chevron-up-circle\"><\/i>                                    <\/div>\n                                <\/div>\n\n                            \n                                                    <\/a>\n                    <\/div>\n\n                    <div id=\"Collapse-0ba793169cfeaeceafae\" class=\"collapse\" aria-labelledby=\"primaryHeading-7-39145b2c\" data-parent=\"#accordion-69cfeaeceafae\">\n\n                        <div class=\"elementskit-card-body ekit-accordion--content\">\n                            <p class=\"\">Les t\u00e9l\u00e9communications, l\u2019\u00e9nergie, la finance, le secteur public et l\u2019industrie.<\/p>                        <\/div>\n\n                    <\/div>\n\n                <\/div><!-- .elementskit-card END -->\n\n                \n                <div class=\"elementskit-card\">\n                    <div class=\"elementskit-card-header\" id=\"primaryHeading-8-39145b2c\">\n                        <a href=\"#collapse-edc868769cfeaeceafae\" class=\"ekit-accordion--toggler elementskit-btn-link collapsed\" data-ekit-toggle=\"collapse\" data-target=\"#Collapse-edc868769cfeaeceafae\" aria-expanded=\"false\" aria-controls=\"Collapse-edc868769cfeaeceafae\">\n                            \n                            <span class=\"ekit-accordion-title\">Comment d\u00e9marrer avec SD Solutions ?<\/span>\n\n                            \n                                <div class=\"ekit_accordion_icon_group\">\n                                    <div class=\"ekit_accordion_normal_icon\">\n                                        <!-- Normal Icon -->\n\t\t\t\t\t\t\t\t\t\t<i class=\"icon icon-chevron-down-circle\"><\/i>                                    <\/div>\n\n                                    <div class=\"ekit_accordion_active_icon\">\n                                        <!-- Active Icon -->\n\t\t\t\t\t\t\t\t\t\t<i class=\"icon icon-chevron-up-circle\"><\/i>                                    <\/div>\n                                <\/div>\n\n                            \n                                                    <\/a>\n                    <\/div>\n\n                    <div id=\"Collapse-edc868769cfeaeceafae\" class=\"collapse\" aria-labelledby=\"primaryHeading-8-39145b2c\" data-parent=\"#accordion-69cfeaeceafae\">\n\n                        <div class=\"elementskit-card-body ekit-accordion--content\">\n                            <p>Vous pouvez nous contacter via notre formulaire, par courriel \u00e0 info@the-sdsolutions.com<\/p>                        <\/div>\n\n                    <\/div>\n\n                <\/div><!-- .elementskit-card END -->\n\n                                        <\/div>\n    <\/div>\t\t\t\t<\/div>\n\t\t\t\t<\/div>\n\t\t\t\t\t<\/div>\n\t\t<\/div>\n\t\t\t\t\t<\/div>\n\t\t<\/section>\n\t\t\t\t\t<\/div>\n\t\t<\/div>\n\t\t\t\t\t<\/div>\n\t\t<\/section>\n\t\t\t\t<\/div>","protected":false},"excerpt":{"rendered":"<p>FAQ General Questions New around here ? Start With the Basics What services does SD Solutions offer? SD Solutions provides [&hellip;]<\/p>\n","protected":false},"author":4,"featured_media":0,"parent":0,"menu_order":0,"comment_status":"closed","ping_status":"closed","template":"","meta":{"site-sidebar-layout":"no-sidebar","site-content-layout":"","ast-site-content-layout":"full-width-container","site-content-style":"default","site-sidebar-style":"default","ast-global-header-display":"","ast-banner-title-visibility":"","ast-main-header-display":"","ast-hfb-above-header-display":"","ast-hfb-below-header-display":"","ast-hfb-mobile-header-display":"","site-post-title":"disabled","ast-breadcrumbs-content":"","ast-featured-img":"disabled","footer-sml-layout":"","ast-disable-related-posts":"","theme-transparent-header-meta":"","adv-header-id-meta":"","stick-header-meta":"","header-above-stick-meta":"","header-main-stick-meta":"","header-below-stick-meta":"","astra-migrate-meta-layouts":"default","ast-page-background-enabled":"default","ast-page-background-meta":{"desktop":{"background-color":"var(--ast-global-color-5)","background-image":"","background-repeat":"repeat","background-position":"center center","background-size":"auto","background-attachment":"scroll","background-type":"","background-media":"","overlay-type":"","overlay-color":"","overlay-opacity":"","overlay-gradient":""},"tablet":{"background-color":"","background-image":"","background-repeat":"repeat","background-position":"center center","background-size":"auto","background-attachment":"scroll","background-type":"","background-media":"","overlay-type":"","overlay-color":"","overlay-opacity":"","overlay-gradient":""},"mobile":{"background-color":"","background-image":"","background-repeat":"repeat","background-position":"center center","background-size":"auto","background-attachment":"scroll","background-type":"","background-media":"","overlay-type":"","overlay-color":"","overlay-opacity":"","overlay-gradient":""}},"ast-content-background-meta":{"desktop":{"background-color":"var(--ast-global-color-4)","background-image":"","background-repeat":"repeat","background-position":"center center","background-size":"auto","background-attachment":"scroll","background-type":"","background-media":"","overlay-type":"","overlay-color":"","overlay-opacity":"","overlay-gradient":""},"tablet":{"background-color":"var(--ast-global-color-4)","background-image":"","background-repeat":"repeat","background-position":"center center","background-size":"auto","background-attachment":"scroll","background-type":"","background-media":"","overlay-type":"","overlay-color":"","overlay-opacity":"","overlay-gradient":""},"mobile":{"background-color":"var(--ast-global-color-4)","background-image":"","background-repeat":"repeat","background-position":"center center","background-size":"auto","background-attachment":"scroll","background-type":"","background-media":"","overlay-type":"","overlay-color":"","overlay-opacity":"","overlay-gradient":""}},"footnotes":""},"class_list":["post-138","page","type-page","status-publish","hentry"],"_links":{"self":[{"href":"https:\/\/the-sdsolutions.com\/fr\/wp-json\/wp\/v2\/pages\/138","targetHints":{"allow":["GET"]}}],"collection":[{"href":"https:\/\/the-sdsolutions.com\/fr\/wp-json\/wp\/v2\/pages"}],"about":[{"href":"https:\/\/the-sdsolutions.com\/fr\/wp-json\/wp\/v2\/types\/page"}],"author":[{"embeddable":true,"href":"https:\/\/the-sdsolutions.com\/fr\/wp-json\/wp\/v2\/users\/4"}],"replies":[{"embeddable":true,"href":"https:\/\/the-sdsolutions.com\/fr\/wp-json\/wp\/v2\/comments?post=138"}],"version-history":[{"count":0,"href":"https:\/\/the-sdsolutions.com\/fr\/wp-json\/wp\/v2\/pages\/138\/revisions"}],"wp:attachment":[{"href":"https:\/\/the-sdsolutions.com\/fr\/wp-json\/wp\/v2\/media?parent=138"}],"curies":[{"name":"wp","href":"https:\/\/api.w.org\/{rel}","templated":true}]}}